{"id":210,"date":"2025-08-13T00:15:45","date_gmt":"2025-08-13T00:15:45","guid":{"rendered":"https:\/\/kmtrucksmaroc.com\/?page_id=210"},"modified":"2025-08-13T01:49:51","modified_gmt":"2025-08-13T01:49:51","slug":"a-propos-de-nous","status":"publish","type":"page","link":"https:\/\/kmtrucksmaroc.com\/en\/a-propos-de-nous\/","title":{"rendered":"About Us"},"content":{"rendered":"<style>.elementor-210 .elementor-element.elementor-element-7c40642e{--display:flex;}.elementor-widget-text-editor{font-family:var( --e-global-typography-text-font-family ), Sans-serif;font-weight:var( --e-global-typography-text-font-weight );}<\/style>\t\t<div data-elementor-type=\"wp-page\" data-elementor-id=\"210\" class=\"elementor elementor-210\">\n\t\t\t\t<div class=\"elementor-element elementor-element-7c40642e e-flex e-con-boxed e-con e-parent\" data-id=\"7c40642e\" data-element_type=\"container\" data-e-type=\"container\">\n\t\t\t\t\t<div class=\"e-con-inner\">\n\t\t\t\t<div class=\"elementor-element elementor-element-23175a6a elementor-widget elementor-widget-text-editor\" data-id=\"23175a6a\" data-element_type=\"widget\" data-e-type=\"widget\" data-widget_type=\"text-editor.default\">\n\t\t\t\t\t\t\t\t\t\n<h2 class=\"wp-block-heading\">En savoir plus sur KMTrucks<\/h2>\n\n\n\n<p><strong>KMTrucks \u2013 Sp\u00e9cialiste marocain de la vente de pi\u00e8ces pour camions et de l\u2019importation toutes destinations<\/strong><br>Implant\u00e9s strat\u00e9giquement \u00e0 Berrchid et Casablanca, nous desservons l\u2019ensemble du Maroc avec des solutions fiables, rapides et adapt\u00e9es \u00e0 vos besoins.<\/p>\n\n\n\n<h3 class=\"wp-block-heading\">Notre savoir-faire<\/h3>\n\n\n\n<ul class=\"wp-block-list\">\n<li><strong>Importation ma\u00eetris\u00e9e<\/strong><br>Nous g\u00e9rons l\u2019ensemble du processus d\u2019importation \u2014 s\u00e9lection des pi\u00e8ces, documentation, transport, d\u00e9douanement \u2014 pour vous proposer une solution <strong>cl\u00e9-en-main<\/strong>, sans complication administrative.<\/li>\n\n\n\n<li><strong>Stock et livraison optimis\u00e9s<\/strong><br>Gr\u00e2ce \u00e0 nos sites situ\u00e9s \u00e0 Berrchid et Casablanca, nous garantissons une <strong>disponibilit\u00e9 rapide<\/strong> des pi\u00e8ces et une <strong>distribution efficace<\/strong> sur tout le territoire national.<\/li>\n\n\n\n<li><strong>Catalogue complet<\/strong><br>Nous proposons une large gamme de pi\u00e8ces d\u00e9tach\u00e9es pour camions, engins et v\u00e9hicules industriels, s\u00e9lectionn\u00e9es chez des fournisseurs fiables pour garantir <strong>qualit\u00e9 et durabilit\u00e9<\/strong>.<\/li>\n\n\n\n<li><strong>Service client d\u00e9di\u00e9<\/strong><br>Notre \u00e9quipe exp\u00e9riment\u00e9e vous accompagne \u00e0 chaque \u00e9tape : conseil technique, assistance au choix, suivi personnalis\u00e9 des commandes pour vous offrir une exp\u00e9rience fluide et sur mesure.<\/li>\n\n\n\n<li><strong>Disponibilit\u00e9 nationale<\/strong><br>Que votre entreprise se trouve dans les grandes villes ou en zones rurales, nous nous engageons \u00e0 assurer une <strong>livraison fiable et adapt\u00e9e<\/strong>, dans les d\u00e9lais convenus.<\/li>\n<\/ul>\n\n\n\n<h3 class=\"wp-block-heading\">Pourquoi choisir KMTrucks ?<\/h3>\n\n\n\n<figure class=\"wp-block-table\"><table class=\"has-fixed-layout\"><thead><tr><th>Atout<\/th><th>Description<\/th><\/tr><\/thead><tbody><tr><td><strong>Logistique robuste<\/strong><\/td><td>Berrchid et Casablanca, des plaques tournantes pour des d\u00e9lais de livraison optimis\u00e9s<\/td><\/tr><tr><td><strong>Excellence de service<\/strong><\/td><td>Accompagnement personnalis\u00e9, support technique expert, flexibilit\u00e9 selon vos besoins<\/td><\/tr><tr><td><strong>Engagement qualit\u00e9<\/strong><\/td><td>Pi\u00e8ces rigoureusement s\u00e9lectionn\u00e9es, conformes aux standards, test\u00e9es pour durer<\/td><\/tr><tr><td><strong>Transparence des process<\/strong><\/td><td>Suivi clair des \u00e9tapes d\u2019importation, de la commande \u00e0 la livraison finale<\/td><\/tr><\/tbody><\/table><\/figure>\n\t\t\t\t\t\t\t\t<\/div>\n\t\t\t\t\t<\/div>\n\t\t\t\t<\/div>\n\t\t\t\t<\/div>","protected":false},"excerpt":{"rendered":"<p>En savoir plus sur KMTrucks KMTrucks \u2013 Sp\u00e9cialiste marocain de la vente de pi\u00e8ces pour camions et de l\u2019importation toutes&#8230;<\/p>","protected":false},"author":1,"featured_media":0,"parent":0,"menu_order":0,"comment_status":"closed","ping_status":"closed","template":"","meta":{"footnotes":""},"class_list":["post-210","page","type-page","status-publish","hentry"],"_links":{"self":[{"href":"https:\/\/kmtrucksmaroc.com\/en\/wp-json\/wp\/v2\/pages\/210","targetHints":{"allow":["GET"]}}],"collection":[{"href":"https:\/\/kmtrucksmaroc.com\/en\/wp-json\/wp\/v2\/pages"}],"about":[{"href":"https:\/\/kmtrucksmaroc.com\/en\/wp-json\/wp\/v2\/types\/page"}],"author":[{"embeddable":true,"href":"https:\/\/kmtrucksmaroc.com\/en\/wp-json\/wp\/v2\/users\/1"}],"replies":[{"embeddable":true,"href":"https:\/\/kmtrucksmaroc.com\/en\/wp-json\/wp\/v2\/comments?post=210"}],"version-history":[{"count":8,"href":"https:\/\/kmtrucksmaroc.com\/en\/wp-json\/wp\/v2\/pages\/210\/revisions"}],"predecessor-version":[{"id":279,"href":"https:\/\/kmtrucksmaroc.com\/en\/wp-json\/wp\/v2\/pages\/210\/revisions\/279"}],"wp:attachment":[{"href":"https:\/\/kmtrucksmaroc.com\/en\/wp-json\/wp\/v2\/media?parent=210"}],"curies":[{"name":"wp","href":"https:\/\/api.w.org\/{rel}","templated":true}]}}