{"id":271,"date":"2025-08-13T01:06:36","date_gmt":"2025-08-13T01:06:36","guid":{"rendered":"https:\/\/kmtrucksmaroc.com\/?page_id=271"},"modified":"2025-08-16T15:16:25","modified_gmt":"2025-08-16T15:16:25","slug":"contactez-nous","status":"publish","type":"page","link":"https:\/\/kmtrucksmaroc.com\/en\/contactez-nous\/","title":{"rendered":"Contact us"},"content":{"rendered":"<style>.elementor-271 .elementor-element.elementor-element-95358b{--display:flex;}.elementor-widget-text-editor{font-family:var( --e-global-typography-text-font-family ), Sans-serif;font-weight:var( --e-global-typography-text-font-weight );}.elementor-271 .elementor-element.elementor-element-62f7f61{--display:flex;}<\/style>\t\t<div data-elementor-type=\"wp-page\" data-elementor-id=\"271\" class=\"elementor elementor-271\">\n\t\t\t\t<div class=\"elementor-element elementor-element-95358b e-flex e-con-boxed e-con e-parent\" data-id=\"95358b\" data-element_type=\"container\" data-e-type=\"container\">\n\t\t\t\t\t<div class=\"e-con-inner\">\n\t\t\t\t<div class=\"elementor-element elementor-element-62937476 elementor-widget elementor-widget-text-editor\" data-id=\"62937476\" data-element_type=\"widget\" data-e-type=\"widget\" data-widget_type=\"text-editor.default\">\n\t\t\t\t\t\t\t\t\t\n<p><strong>KMTrucks \u2014 Nous sommes l\u00e0 pour vous !<\/strong><\/p>\n\n\n\n<p>Vous avez une question, besoin d\u2019une pi\u00e8ce, ou souhaitez discuter d\u2019un projet ? Contactez-nous facilement :<\/p>\n\n\n\n<ul class=\"wp-block-list\">\n<li><strong>Par e-mail<\/strong> : \u00e9crivez-nous \u00e0 <strong><a>KMTRUCKS25@GMAIL.COM<\/a><\/strong><\/li>\n\n\n\n<li><strong>Par t\u00e9l\u00e9phone<\/strong> : appelez-nous au <strong>+212 <\/strong>665701096 (cliquable de puis votre mobile).<\/li>\n<\/ul>\n\n\n\n<p><strong>Nos agences<\/strong> : Berrchid &amp; Casablanca \u2014 Nous desservons tout le Maroc, des agglom\u00e9rations aux zones rurales.<\/p>\n\n\n\n<p>Nous offrons un <strong>service personnalis\u00e9<\/strong>, r\u00e9actif et humain, pour r\u00e9pondre au mieux \u00e0 vos besoins.<\/p>\n\n\n\n<p><\/p>\n\n\n\n<p><\/p>\n\t\t\t\t\t\t\t\t<\/div>\n\t\t\t\t\t<\/div>\n\t\t\t\t<\/div>\n\t\t<div class=\"elementor-element elementor-element-62f7f61 e-flex e-con-boxed e-con e-parent\" data-id=\"62f7f61\" data-element_type=\"container\" data-e-type=\"container\">\n\t\t\t\t\t<div class=\"e-con-inner\">\n\t\t\t\t<div class=\"elementor-element elementor-element-86bb73a elementor-widget elementor-widget-google_maps\" data-id=\"86bb73a\" data-element_type=\"widget\" data-e-type=\"widget\" data-widget_type=\"google_maps.default\">\n\t\t\t\t\t\t\t<div class=\"elementor-custom-embed\">\n\t\t\t<iframe loading=\"lazy\"\n\t\t\t\t\tsrc=\"https:\/\/maps.google.com\/maps?q=Adresse%3A%20Commune%20Sidi%20Elmekki%20Douar%20Oulad%20Allal%20%E2%80%93%20Berrechid%20%28M%29&#038;t=m&#038;z=10&#038;output=embed&#038;iwloc=near\"\n\t\t\t\t\ttitle=\"Adresse: Commune Sidi Elmekki Douar Oulad Allal \u2013 Berrechid (M)\"\n\t\t\t\t\taria-label=\"Adresse: Commune Sidi Elmekki Douar Oulad Allal \u2013 Berrechid (M)\"\n\t\t\t><\/iframe>\n\t\t<\/div>\n\t\t\t\t\t\t<\/div>\n\t\t\t\t\t<\/div>\n\t\t\t\t<\/div>\n\t\t\t\t<\/div>","protected":false},"excerpt":{"rendered":"<p>KMTrucks \u2014 Nous sommes l\u00e0 pour vous ! Vous avez une question, besoin d\u2019une pi\u00e8ce, ou souhaitez discuter d\u2019un projet&#8230;<\/p>","protected":false},"author":1,"featured_media":0,"parent":0,"menu_order":0,"comment_status":"closed","ping_status":"closed","template":"","meta":{"footnotes":""},"class_list":["post-271","page","type-page","status-publish","hentry"],"_links":{"self":[{"href":"https:\/\/kmtrucksmaroc.com\/en\/wp-json\/wp\/v2\/pages\/271","targetHints":{"allow":["GET"]}}],"collection":[{"href":"https:\/\/kmtrucksmaroc.com\/en\/wp-json\/wp\/v2\/pages"}],"about":[{"href":"https:\/\/kmtrucksmaroc.com\/en\/wp-json\/wp\/v2\/types\/page"}],"author":[{"embeddable":true,"href":"https:\/\/kmtrucksmaroc.com\/en\/wp-json\/wp\/v2\/users\/1"}],"replies":[{"embeddable":true,"href":"https:\/\/kmtrucksmaroc.com\/en\/wp-json\/wp\/v2\/comments?post=271"}],"version-history":[{"count":5,"href":"https:\/\/kmtrucksmaroc.com\/en\/wp-json\/wp\/v2\/pages\/271\/revisions"}],"predecessor-version":[{"id":532,"href":"https:\/\/kmtrucksmaroc.com\/en\/wp-json\/wp\/v2\/pages\/271\/revisions\/532"}],"wp:attachment":[{"href":"https:\/\/kmtrucksmaroc.com\/en\/wp-json\/wp\/v2\/media?parent=271"}],"curies":[{"name":"wp","href":"https:\/\/api.w.org\/{rel}","templated":true}]}}