{"id":501,"date":"2025-08-16T00:33:10","date_gmt":"2025-08-16T00:33:10","guid":{"rendered":"https:\/\/kmtrucksmaroc.com\/?page_id=501"},"modified":"2025-08-16T00:35:15","modified_gmt":"2025-08-16T00:35:15","slug":"montage-et-installation","status":"publish","type":"page","link":"https:\/\/kmtrucksmaroc.com\/en\/montage-et-installation\/","title":{"rendered":"Montage et Installation"},"content":{"rendered":"<div class=\"wp-block-media-text is-stacked-on-mobile\" style=\"grid-template-columns:23% auto\"><figure class=\"wp-block-media-text__media\"><img fetchpriority=\"high\" decoding=\"async\" width=\"275\" height=\"185\" src=\"https:\/\/kmtrucksmaroc.com\/wp-content\/uploads\/2025\/08\/Werkplaats11439804383-1.jpg\" alt=\"\" class=\"wp-image-176 size-full\"\/><\/figure><div class=\"wp-block-media-text__content\">\n<h3 class=\"wp-block-heading\">GARAGE<\/h3>\n\n\n\n<p><strong>Nous disposons d\u2019un garage \u00e9quip\u00e9 d\u2019une \u00e9quipe de m\u00e9caniciens sp\u00e9cialis\u00e9s. Gr\u00e2ce \u00e0 notre partenariat avec BAS Parts &amp; Tyres, nous b\u00e9n\u00e9ficions des \u00e9quipements et de l\u2019expertise n\u00e9cessaires pour monter et entretenir, par exemple, des bo\u00eetes de vitesses ou des moteurs. Notre service complet nous permet de r\u00e9pondre efficacement \u00e0 toutes vos attentes.<\/strong><\/p>\n<\/div><\/div>\n\n\n\n<div class=\"wp-block-media-text is-stacked-on-mobile\" style=\"grid-template-columns:23% auto\"><figure class=\"wp-block-media-text__media\"><img decoding=\"async\" width=\"231\" height=\"213\" src=\"https:\/\/kmtrucksmaroc.com\/wp-content\/uploads\/2025\/08\/mounting_and_installation-1-e1755042164897.png\" alt=\"\" class=\"wp-image-180 size-full\"\/><\/figure><div class=\"wp-block-media-text__content\">\n<h3 class=\"wp-block-heading\">MONTAGE ET INSTALLATION<\/h3>\n\n\n\n<p><strong>Avez-vous des demandes au niveau de l\u2019installation ou montage des pi\u00e8ces d\u00e9tach\u00e9es? Contactez notre&nbsp;<a href=\"http:\/\/fr\/contact\">\u00e9quipe<\/a>&nbsp;pour les co\u00fbts de l\u2019installation et possibilit\u00e9s.Pour l\u2019installation et montage des pi\u00e8ces d\u00e9tach\u00e9es achet\u00e9es chez nous, il-est possible de les installer dans notre garage. Par exemple l\u2019installation des pneus nouveaux ou le montage d\u2019une r\u00e9servoir \u00e0 carburant.<\/strong><\/p>\n<\/div><\/div>","protected":false},"excerpt":{"rendered":"<p>GARAGE Nous disposons d\u2019un garage \u00e9quip\u00e9 d\u2019une \u00e9quipe de m\u00e9caniciens sp\u00e9cialis\u00e9s. Gr\u00e2ce \u00e0 notre partenariat avec BAS Parts &amp; Tyres,&#8230;<\/p>","protected":false},"author":1,"featured_media":0,"parent":0,"menu_order":0,"comment_status":"closed","ping_status":"closed","template":"","meta":{"footnotes":""},"class_list":["post-501","page","type-page","status-publish","hentry"],"_links":{"self":[{"href":"https:\/\/kmtrucksmaroc.com\/en\/wp-json\/wp\/v2\/pages\/501","targetHints":{"allow":["GET"]}}],"collection":[{"href":"https:\/\/kmtrucksmaroc.com\/en\/wp-json\/wp\/v2\/pages"}],"about":[{"href":"https:\/\/kmtrucksmaroc.com\/en\/wp-json\/wp\/v2\/types\/page"}],"author":[{"embeddable":true,"href":"https:\/\/kmtrucksmaroc.com\/en\/wp-json\/wp\/v2\/users\/1"}],"replies":[{"embeddable":true,"href":"https:\/\/kmtrucksmaroc.com\/en\/wp-json\/wp\/v2\/comments?post=501"}],"version-history":[{"count":4,"href":"https:\/\/kmtrucksmaroc.com\/en\/wp-json\/wp\/v2\/pages\/501\/revisions"}],"predecessor-version":[{"id":506,"href":"https:\/\/kmtrucksmaroc.com\/en\/wp-json\/wp\/v2\/pages\/501\/revisions\/506"}],"wp:attachment":[{"href":"https:\/\/kmtrucksmaroc.com\/en\/wp-json\/wp\/v2\/media?parent=501"}],"curies":[{"name":"wp","href":"https:\/\/api.w.org\/{rel}","templated":true}]}}